{"id":904,"date":"2018-06-28T17:29:25","date_gmt":"2018-06-28T20:29:25","guid":{"rendered":"https:\/\/ies7-juj.infd.edu.ar\/sitio\/secretaria-academica\/"},"modified":"2025-03-24T13:50:57","modified_gmt":"2025-03-24T16:50:57","slug":"secretaria-academica","status":"publish","type":"page","link":"https:\/\/ies7-juj.infd.edu.ar\/sitio\/secretaria-academica\/","title":{"rendered":"Secretar\u00eda Acad\u00e9mica"},"content":{"rendered":"\n<h5 class=\"wp-block-heading\"><span style=\"text-decoration: underline; color: #000000;\"><strong>Responsables<\/strong><\/span><\/h5>\n\n\n\n<p><span style=\"color: #000000;\"><strong><span style=\"text-decoration: underline;\">Secretaria Acad\u00e9mica<\/span>:<\/strong><\/span>&nbsp; Lic. Laura Mar\u00eda Fernanda Bellido<\/p>\n\n\n\n<p><strong>Auxiliar de Secretar\u00eda Acad\u00e9mica:<\/strong> Tec. en C. S. Ana Cecilia Lucardi<\/p>\n\n\n\n<p><\/p>\n\n\n\n<p><\/p>\n\n\n\n<p class=\"has-text-align-center\"><span style=\"text-decoration: underline; color: #008000;\"><strong>HORARIOS DE ATENCI\u00d3N<\/strong><\/span><\/p>\n\n\n\n<figure class=\"wp-block-table alignwide\"><table><tbody><tr><td class=\"has-text-align-center\" data-align=\"center\"><strong>LUNES<\/strong><\/td><td class=\"has-text-align-center\" data-align=\"center\"><strong>MARTES<\/strong><\/td><td class=\"has-text-align-center\" data-align=\"center\"><strong>JUEVES<\/strong><\/td><td class=\"has-text-align-center\" data-align=\"center\"><strong>VIERNES<\/strong><\/td><\/tr><tr><td class=\"has-text-align-center\" data-align=\"center\">08:00 a 12:00<br><br>15:30 a 19:00<\/td><td class=\"has-text-align-center\" data-align=\"center\">08:00 a 12:00<br><br>15:30 a 19:00<\/td><td class=\"has-text-align-center\" data-align=\"center\">08:00 a 12:00<br><br>15:30 a 19:00<\/td><td class=\"has-text-align-center\" data-align=\"center\">08:00 a 12:00<br><br>15:30 a 19:00<\/td><\/tr><\/tbody><\/table><figcaption class=\"wp-element-caption\"><strong>MI\u00c9RCOLES SIN ATENCI\u00d3N AL P\u00daBLICO<\/strong><\/figcaption><\/figure>\n\n\n\n<p class=\"has-medium-font-size\"><strong>IMPORTANTE<\/strong><\/p>\n\n\n\n<p>Se pone en conocimiento a la comunidad educativa, la Resoluci\u00f3n N\u00b0 858-E-24, de la fecha 22 de abril del corriente, que establece modificaciones en el RAP en cuanto a las solicitudes de tr\u00e1mites de equivalencia y a la vigencia de los Programas de Estudios. Es primordial que los estudiantes est\u00e9n informados para conocer los alcances de dicha resoluci\u00f3n, en relaci\u00f3n a las solicitudes y tramites que tenga que realizar en Secretar\u00eda Acad\u00e9mica.<\/p>\n\n\n\n<div class=\"wp-block-file\"><object class=\"wp-block-file__embed\" data=\"https:\/\/ies7-juj.infd.edu.ar\/sitio\/wp-content\/uploads\/2024\/09\/858-1082-297-23-MODIFICACION-REGIMEN-ACADEMICO-PROV.-INST.-DE-EDUC.-SUP.pdf\" type=\"application\/pdf\" style=\"width:100%;height:600px\" aria-label=\"Incrustado de Resoluci\u00f3n 858-E-24.\"><\/object><a id=\"wp-block-file--media-3e4090b0-1aaf-4877-b45a-e3772e578378\" href=\"https:\/\/ies7-juj.infd.edu.ar\/sitio\/wp-content\/uploads\/2024\/09\/858-1082-297-23-MODIFICACION-REGIMEN-ACADEMICO-PROV.-INST.-DE-EDUC.-SUP.pdf\">Resoluci\u00f3n 858-E-24<\/a><a href=\"https:\/\/ies7-juj.infd.edu.ar\/sitio\/wp-content\/uploads\/2024\/09\/858-1082-297-23-MODIFICACION-REGIMEN-ACADEMICO-PROV.-INST.-DE-EDUC.-SUP.pdf\" class=\"wp-block-file__button wp-element-button\" download aria-describedby=\"wp-block-file--media-3e4090b0-1aaf-4877-b45a-e3772e578378\">Descarga<\/a><\/div>\n\n\n\n<p><\/p>\n\n\n\n<h5 class=\"wp-block-heading\"><span style=\"color: #000000;\">Se recepcionar\u00e1 la documentaci\u00f3n a partir del d\u00eda<\/span> <span style=\"color: #ff0000;\"><strong>04 de marzo hasta el d\u00eda 25 de abril de 2024<\/strong><\/span><\/h5>\n\n\n<div class=\"wp-block-image\">\n<figure class=\"aligncenter\"><img decoding=\"async\" loading=\"lazy\" width=\"528\" height=\"147\" src=\"https:\/\/ies7-juj.infd.edu.ar\/sitio\/wp-content\/uploads\/2023\/03\/secre.jpg\" alt=\"\" class=\"wp-image-8770\"\/><\/figure><\/div>\n\n\n<div>\n<p style=\"text-align: center;\"><span style=\"text-decoration: underline;\"><span style=\"color: #008000; text-decoration: underline;\"><strong>TR\u00c1MITE DE EQUIVALENCIAS<\/strong><\/span><\/span><\/p>\n<h5><span style=\"color: #008000;\"><span style=\"text-decoration: underline;\">INTERNO<\/span>:<\/span><\/h5>\n<ul>\n<li><span style=\"color: #000000;\">PARA ESPACIOS CURRICULARES ENTRE CARRERAS DEL I.E.S. N\u00ba 7<\/span>\n<ul>\n<li><span style=\"color: #000000;\"><strong>Nota de solicitud de equivalencias interna (Para alumnos de la instituci\u00f3n).<br><\/strong><\/span><\/li>\n<li><span style=\"color: #000000;\">Planificaciones, que se tramitan en Biblioteca completando el formulario <span style=\"color: #0000ff;\"><a style=\"color: #0000ff;\" href=\"https:\/\/ies7-juj.infd.edu.ar\/sitio\/formulario-para-solicitar-planificaciones-programas\/\" target=\"_blank\" rel=\"noopener\">https:\/\/ies7-juj.infd.edu.ar\/sitio\/formulario-para-solicitar-planificaciones-programas\/<\/a><\/span>.<\/span><\/li>\n<li><span style=\"color: #000000;\">Fotocopia del D.N.I.<\/span><\/li>\n<li><span style=\"color: #000000;\">Certificado anal\u00edtico autenticado.<\/span><\/li>\n<\/ul>\n<\/li>\n<\/ul>\n<p><span style=\"text-decoration: underline;\"><strong><span style=\"color: #008000; text-decoration: underline;\">EXTERNO:<\/span><\/strong><\/span><\/p>\n<ul>\n<li><span style=\"color: #000000;\">DE OTRAS INSTITUCIONES PARA EL I.E.S. N\u00ba 7<\/span>\n<ul>\n<li><span style=\"color: #000000;\"><strong>Nota de solicitud de equivalencias externa (Para alumnos de otras instituciones).<\/strong><\/span><\/li>\n<li><span style=\"color: #000000;\">Planificaciones autenticadas.<\/span><\/li>\n<li><span style=\"color: #000000;\">Fotocopia del D.N.I.<\/span><\/li>\n<li><span style=\"color: #000000;\">Certificado anal\u00edtico autenticado.<\/span><\/li>\n<\/ul>\n<\/li>\n\n<li>\n<p>&nbsp;&nbsp;&nbsp; <span style=\"color: #000000;\">DEL I.E.S. N\u00ba 7 PARA OTRAS INSTITUCIONES &nbsp;&nbsp;&nbsp;&nbsp;&nbsp;&nbsp;&nbsp; <\/span><\/p>\n<ul>\n<li>\n<p><span style=\"color: #000000;\">Nota de solicitud de planificaciones dirigida a la Secretaria Acad\u00e9mica Lic. Laura Bellido.<\/span><\/p>\n<\/li>\n<\/ul>\n<\/li>\n<\/ul>\n\n<h4 style=\"text-align: center;\"><span style=\"color: #000000;\"><strong>MODELO DE NOTAS DE SECRETAR\u00cdA ACAD\u00c9MICA 2024<\/strong><\/span><\/h4>\n<figure><a href=\"https:\/\/drive.google.com\/drive\/folders\/1jxtv7e8g6ZhBxfVVY8PxzRHwqQo7SXWh\" target=\"_blank\" rel=\"noopener\"><img decoding=\"async\" loading=\"lazy\" class=\"alignnone size-full wp-image-4104 aligncenter\" src=\"https:\/\/ies7-juj.infd.edu.ar\/sitio\/wp-content\/uploads\/2021\/03\/Union-Cosmos-Boton-Click-Aqui-GIF-Animado.gif\" alt=\"\" width=\"225\" height=\"160\"><\/a><\/figure><p><\/p>\n<figure><img decoding=\"async\" loading=\"lazy\" class=\" wp-image-9509 aligncenter\" src=\"https:\/\/ies7-juj.infd.edu.ar\/sitio\/wp-content\/uploads\/2023\/06\/54-760x1000.png\" alt=\"\" width=\"482\" height=\"634\" srcset=\"https:\/\/ies7-juj.infd.edu.ar\/sitio\/wp-content\/uploads\/2023\/06\/54-760x1000.png 760w, https:\/\/ies7-juj.infd.edu.ar\/sitio\/wp-content\/uploads\/2023\/06\/54-768x1010.png 768w, https:\/\/ies7-juj.infd.edu.ar\/sitio\/wp-content\/uploads\/2023\/06\/54-1168x1536.png 1168w, https:\/\/ies7-juj.infd.edu.ar\/sitio\/wp-content\/uploads\/2023\/06\/54.png 1339w\" sizes=\"(max-width: 482px) 100vw, 482px\" \/><\/figure><p><\/p>\n<p><span style=\"color: #000000;\">El tr\u00e1mite se hace en SECRETAR\u00cdA ACAD\u00c9MICA.<\/span><\/p>\n<h5 style=\"text-align: left;\"><span style=\"color: #000000;\">TR\u00c1MITE DE GESTI\u00d3N PERSONAL<\/span><\/h5>\n<p style=\"text-align: center;\"><span style=\"color: #000000;\"><strong><span style=\"text-decoration: underline;\">Consultas<\/span> <\/strong><\/span><\/p>\n<figure><img decoding=\"async\" style=\"display: block; margin-left: auto; margin-right: auto;\" src=\"https:\/\/ies7-juj.infd.edu.ar\/aula\/archivos\/repositorio\/\/250\/286\/correo10.gif\" border=\"0\"><\/figure><p><span style=\"font-family: 'book antiqua', palatino; font-size: 12pt;\"><\/span><\/p>\n<h5 style=\"text-align: center;\"><span style=\"color: #0000ff;\">&nbsp;<span style=\"font-family: 'arial black', 'avant garde'; font-size: 12pt;\">secretariaacademicaies7@populorumjujuy.ar<\/span><\/span><\/h5>\n<\/div>\n\n\n\n<div>\n<div>\n<figure><img decoding=\"async\" loading=\"lazy\" style=\"vertical-align: middle;\" src=\"https:\/\/ies7-juj.infd.edu.ar\/aula\/archivos\/repositorio\/250\/430\/TgC_flechas_10.gif\" alt=\"\" width=\"65\" height=\"64\" border=\"0\"><\/figure><p style=\"text-align: center;\"><span style=\"font-family: 'book antiqua', palatino; font-size: 12pt;\"><em><\/em><\/span><\/p>\n<figure><a title=\"https:\/\/ies7-juj.infd.edu.ar\/aula\/archivos\/repositorio\/\/0\/220\/CIRCUITO_DE_EQUIVALENCIAS.ppsx\" href=\"https:\/\/ies7-juj.infd.edu.ar\/aula\/archivos\/repositorio\/\/0\/220\/CIRCUITO_DE_EQUIVALENCIAS.ppsx\" target=\"_NEW\" rel=\"noopener\"><img decoding=\"async\" loading=\"lazy\" style=\"display: block; margin-left: auto; margin-right: auto;\" src=\"https:\/\/ies7-juj.infd.edu.ar\/aula\/archivos\/repositorio\/\/0\/221\/cooltext928099190.png\" width=\"313\" height=\"50\" border=\"0\"><\/a><\/figure><p><\/p>\n<\/div>\n<\/div>\n\n\n<div class=\"wp-block-image\">\n<figure class=\"aligncenter\"><img decoding=\"async\" src=\"https:\/\/ies7-juj.infd.edu.ar\/aula\/archivos\/repositorio\/250\/425\/Barra20animada20azul.gif\" alt=\"\"\/><\/figure><\/div>\n\n\n<p class=\"has-text-align-center\"><span style=\"font-family: 'book antiqua', palatino; font-size: 12pt;\"><\/span><\/p>\n\n\n\n<p class=\"has-text-align-center\"><span style=\"text-decoration: underline; color: #008000;\"><strong>PEDIDO DE ASIMILACI\u00d3N<\/strong><\/span><\/p>\n\n\n\n<p class=\"has-text-align-center\"><strong>Del 25 de Marzo al 25 de Abril de 2024<\/strong><\/p>\n\n\n\n<ul>\n<li>Consultar en Departamento Alumnos&nbsp;<\/li>\n<\/ul>\n\n\n\n<h4 class=\"wp-block-heading\"><span style=\"color: #000000;\"><strong>MODELO DE NOTAS DE ASIMILACI\u00d3N<\/strong><\/span><\/h4>\n\n\n<div class=\"wp-block-image\">\n<figure class=\"aligncenter\"><a href=\"https:\/\/drive.google.com\/drive\/folders\/1pbvSgwoSWtTc-AWKdHmU0JqcugheCbEj\" target=\"_blank\" rel=\"noopener\"><img decoding=\"async\" src=\"https:\/\/ies7-juj.infd.edu.ar\/sitio\/wp-content\/uploads\/2021\/03\/Union-Cosmos-Boton-Click-Aqui-GIF-Animado.gif\" alt=\"\"\/><\/a><\/figure><\/div>\n\n<div class=\"wp-block-image\">\n<figure class=\"aligncenter\"><img decoding=\"async\" src=\"https:\/\/ies7-juj.infd.edu.ar\/aula\/archivos\/repositorio\/250\/425\/Barra20animada20azul.gif\" alt=\"\"\/><\/figure><\/div>\n\n\n<p><span style=\"font-family: 'book antiqua', palatino; font-size: 12pt;\"><\/span><\/p>\n\n\n\n<p class=\"has-text-align-center\"><span style=\"text-decoration: underline; color: #008000;\"><strong>SOLICITUD DE ADSCRIPCIONES&nbsp; DOCENTES&nbsp; Y AYUNDANT\u00cdAS<\/strong><\/span><\/p>\n\n\n\n<ul>\n<li>ADSCRIPCI\u00d3N DOCENTE (para egresados)<\/li>\n\n\n\n<li>AYUDANT\u00cdAS (para alumnos avanzados)<\/li>\n<\/ul>\n\n\n\n<p class=\"has-text-align-center\"><strong>25 de Marzo al 25 de Abril de 2024 (consultar en Secretar\u00eda Acad\u00e9mica o con los docentes).<\/strong><\/p>\n\n\n<div class=\"wp-block-image\">\n<figure class=\"aligncenter\"><img decoding=\"async\" src=\"https:\/\/ies7-juj.infd.edu.ar\/aula\/archivos\/repositorio\/250\/425\/Barra20animada20azul.gif\" alt=\"\"\/><\/figure><\/div>\n\n\n<p><span style=\"font-family: 'book antiqua', palatino; font-size: 12pt;\"><\/span><\/p>\n\n\n\n<p class=\"has-text-align-center\"><span style=\"text-decoration: underline; color: #008000;\"><strong>TR\u00c1MITE DE INGRESO PARA MAYORES DE 25 A\u00d1OS CON ESTUDIOS SECUNDARIOS INCOMPLETOS<\/strong><\/span><\/p>\n\n\n\n<p class=\"has-text-align-center\"><strong><span style=\"color: #008000;\">Periodo de Vigencia:<\/span>&nbsp; OCTUBRE 2024<br><\/strong><\/p>\n\n\n\n<p><span style=\"text-decoration: underline;\"><strong><span style=\"color: #008000; text-decoration: underline;\">REQUISITOS:&nbsp;<\/span> <\/strong><\/span><\/p>\n\n\n\n<ul>\n<li><span style=\"color: #000000;\">Tener cumplidos, al momento de la inscripci\u00f3n, los 25 a\u00f1os de edad.<\/span><\/li>\n\n\n\n<li><span style=\"color: #000000;\"> Fotocopia de D.N.I. <\/span><\/li>\n\n\n\n<li><span style=\"color: #000000;\">Acreditar escolaridad Primaria completa y certificaci\u00f3n de estudios Secundarios incompletos (si los tuviere).<\/span><\/li>\n\n\n\n<li><span style=\"color: #000000;\"> Acreditar preparaci\u00f3n y\/o experiencia laboral acorde a los estudios que se pretende iniciar. (Autenticado).<\/span><\/li>\n\n\n\n<li><span style=\"color: #000000;\"> Aprobar evaluaci\u00f3n escrita en lengua y matem\u00e1tica.<\/span><\/li>\n\n\n\n<li><span style=\"color: #000000;\"> Entrevista de admisi\u00f3n.<\/span><\/li>\n<\/ul>\n\n\n\n<p> <\/p>\n","protected":false},"excerpt":{"rendered":"<p>Responsables Secretaria Acad\u00e9mica:&nbsp; Lic. Laura Mar\u00eda Fernanda Bellido Auxiliar de Secretar\u00eda Acad\u00e9mica: Tec. en C. S. Ana Cecilia Lucardi HORARIOS DE ATENCI\u00d3N LUNES MARTES JUEVES VIERNES 08:00 a 12:00 15:30 a 19:00 08:00 a 12:00 15:30 a 19:00 08:00 a 12:00 15:30 a 19:00 08:00 a 12:00 15:30 a 19:00 MI\u00c9RCOLES SIN ATENCI\u00d3N AL P\u00daBLICO &#8230; <a title=\"Secretar\u00eda Acad\u00e9mica\" class=\"read-more\" href=\"https:\/\/ies7-juj.infd.edu.ar\/sitio\/secretaria-academica\/\" aria-label=\"More on Secretar\u00eda Acad\u00e9mica\">[+]<\/a><\/p>\n","protected":false},"author":542,"featured_media":0,"parent":0,"menu_order":0,"comment_status":"closed","ping_status":"closed","template":"","meta":[],"acf":[],"_links":{"self":[{"href":"https:\/\/ies7-juj.infd.edu.ar\/sitio\/wp-json\/wp\/v2\/pages\/904"}],"collection":[{"href":"https:\/\/ies7-juj.infd.edu.ar\/sitio\/wp-json\/wp\/v2\/pages"}],"about":[{"href":"https:\/\/ies7-juj.infd.edu.ar\/sitio\/wp-json\/wp\/v2\/types\/page"}],"author":[{"embeddable":true,"href":"https:\/\/ies7-juj.infd.edu.ar\/sitio\/wp-json\/wp\/v2\/users\/542"}],"replies":[{"embeddable":true,"href":"https:\/\/ies7-juj.infd.edu.ar\/sitio\/wp-json\/wp\/v2\/comments?post=904"}],"version-history":[{"count":79,"href":"https:\/\/ies7-juj.infd.edu.ar\/sitio\/wp-json\/wp\/v2\/pages\/904\/revisions"}],"predecessor-version":[{"id":11815,"href":"https:\/\/ies7-juj.infd.edu.ar\/sitio\/wp-json\/wp\/v2\/pages\/904\/revisions\/11815"}],"wp:attachment":[{"href":"https:\/\/ies7-juj.infd.edu.ar\/sitio\/wp-json\/wp\/v2\/media?parent=904"}],"curies":[{"name":"wp","href":"https:\/\/api.w.org\/{rel}","templated":true}]}}