{"id":892,"date":"2018-06-28T17:29:19","date_gmt":"2018-06-28T20:29:19","guid":{"rendered":"https:\/\/ies7-juj.infd.edu.ar\/sitio\/departamento-de-investigacion\/"},"modified":"2023-05-18T15:22:06","modified_gmt":"2023-05-18T18:22:06","slug":"departamento-de-investigacion","status":"publish","type":"page","link":"https:\/\/ies7-juj.infd.edu.ar\/sitio\/departamento-de-investigacion\/","title":{"rendered":"Departamento de Investigaci\u00f3n"},"content":{"rendered":"<p style=\"text-align: justify;\"><span style=\"color: #000000;\"><span style=\"font-family: 'book antiqua', palatino;\"><span style=\"font-size: 16px;\">El departamento de Investigaci\u00f3n, se encarga de la institucionalizaci\u00f3n de la funci\u00f3n de investigaci\u00f3n, como una forma de generar condiciones para la producci\u00f3n de saberes pedag\u00f3gico, sobre la ense\u00f1anza, la formaci\u00f3n y el trabajo docente.<\/span><\/span><span style=\"font-family: Verdana, Arial, Helvetica, sans-serif; font-size: 10px;\">\u00a0<\/span><\/span><\/p>\n<p style=\"text-align: center;\"><strong><span style=\"font-family: book antiqua,palatino; font-size: 12pt;\"><span style=\"text-decoration: underline; color: #003300;\"><strong style=\"text-align: justify; font-family: Verdana, Arial, Helvetica, sans-serif; font-size: 10px;\"><span style=\"font-family: book antiqua,palatino; font-size: 12pt;\">Coordinadora<\/span><\/strong><\/span><span style=\"color: #000080;\"><strong style=\"text-align: justify; color: #000000; font-family: Verdana, Arial, Helvetica, sans-serif; font-size: 10px;\"><span style=\"font-family: book antiqua,palatino; font-size: 12pt;\"><span style=\"color: #000080;\"><span style=\"color: #003300;\">:<\/span> <span style=\"color: #000000;\">Lic Yamile Aleua<\/span><\/span><\/span><\/strong><\/span><span style=\"color: #000080;\"><strong style=\"text-align: justify; color: #000000; font-family: Verdana, Arial, Helvetica, sans-serif; font-size: 10px;\"><span style=\"font-family: book antiqua,palatino; font-size: 12pt;\"><br \/>\n<\/span><\/strong><\/span><\/span><\/strong><\/p>\n<div style=\"text-align: center;\"><img decoding=\"async\" loading=\"lazy\" style=\"vertical-align: middle;\" src=\"https:\/\/ies7-juj.infd.edu.ar\/aula\/archivos\/repositorio\/250\/286\/correo10.gif\" alt=\"\" width=\"141\" height=\"85\" border=\"0\" \/><\/div>\n<div style=\"text-align: center;\"><\/div>\n<div><\/div>\n<div style=\"text-align: center;\"><strong><span style=\"font-family: book antiqua,palatino; font-size: 12pt;\"><span style=\"font-size: 14pt; color: #000080;\">dpto.investigacionies7@populorumjujuy.ar<\/span><\/span><\/strong><\/div>\n<div><\/div>\n<div><img decoding=\"async\" loading=\"lazy\" class=\" wp-image-9389 aligncenter\" src=\"https:\/\/ies7-juj.infd.edu.ar\/sitio\/wp-content\/uploads\/2023\/05\/horarios-yamile.png\" alt=\"\" width=\"624\" height=\"79\" \/><\/div>\n<div>\n<div class=\"entry-content\">\n<div class=\"addtoany_share_save_container addtoany_content addtoany_content_top\">\n<div class=\"a2a_kit a2a_kit_size_32 addtoany_list\" data-a2a-url=\"https:\/\/ies7-juj.infd.edu.ar\/sitio\/xi-jornadas-cientificas\/\" data-a2a-title=\"XI Jornadas Cient\u00edficas 2019\"><\/div>\n<\/div>\n<\/div>\n<\/div>\n","protected":false},"excerpt":{"rendered":"<p>El departamento de Investigaci\u00f3n, se encarga de la institucionalizaci\u00f3n de la funci\u00f3n de investigaci\u00f3n, como una forma de generar condiciones para la producci\u00f3n de saberes pedag\u00f3gico, sobre la ense\u00f1anza, la formaci\u00f3n y el trabajo docente.\u00a0 Coordinadora: Lic Yamile Aleua dpto.investigacionies7@populorumjujuy.ar<\/p>\n","protected":false},"author":542,"featured_media":0,"parent":0,"menu_order":0,"comment_status":"closed","ping_status":"closed","template":"","meta":[],"acf":[],"_links":{"self":[{"href":"https:\/\/ies7-juj.infd.edu.ar\/sitio\/wp-json\/wp\/v2\/pages\/892"}],"collection":[{"href":"https:\/\/ies7-juj.infd.edu.ar\/sitio\/wp-json\/wp\/v2\/pages"}],"about":[{"href":"https:\/\/ies7-juj.infd.edu.ar\/sitio\/wp-json\/wp\/v2\/types\/page"}],"author":[{"embeddable":true,"href":"https:\/\/ies7-juj.infd.edu.ar\/sitio\/wp-json\/wp\/v2\/users\/542"}],"replies":[{"embeddable":true,"href":"https:\/\/ies7-juj.infd.edu.ar\/sitio\/wp-json\/wp\/v2\/comments?post=892"}],"version-history":[{"count":16,"href":"https:\/\/ies7-juj.infd.edu.ar\/sitio\/wp-json\/wp\/v2\/pages\/892\/revisions"}],"predecessor-version":[{"id":9391,"href":"https:\/\/ies7-juj.infd.edu.ar\/sitio\/wp-json\/wp\/v2\/pages\/892\/revisions\/9391"}],"wp:attachment":[{"href":"https:\/\/ies7-juj.infd.edu.ar\/sitio\/wp-json\/wp\/v2\/media?parent=892"}],"curies":[{"name":"wp","href":"https:\/\/api.w.org\/{rel}","templated":true}]}}