{"id":6866,"date":"2022-07-13T14:55:52","date_gmt":"2022-07-13T17:55:52","guid":{"rendered":"https:\/\/ies7-juj.infd.edu.ar\/sitio\/?page_id=6866"},"modified":"2024-07-03T13:18:47","modified_gmt":"2024-07-03T16:18:47","slug":"revista-de-la-tecnicatura-superior-en-trabajo-social","status":"publish","type":"page","link":"https:\/\/ies7-juj.infd.edu.ar\/sitio\/revista-de-la-tecnicatura-superior-en-trabajo-social\/","title":{"rendered":"\u00abABRIENDO CAMINOS\u00bb, Revista de la Tecnicatura Superior en Trabajo Social"},"content":{"rendered":"\n<p><\/p>\n\n\n\n<h4 class=\"wp-block-heading has-text-align-center\"><span style=\"color: #3366ff;\"><strong><span style=\"text-decoration: underline;\">A\u00d1O 2024<\/span><\/strong><\/span><\/h4>\n\n\n\n<p class=\"has-text-align-center\"><span style=\"text-decoration: underline;\"><span style=\"color: #ff0000;\"><strong>N\u00daMERO 8<\/strong><\/span><\/span><\/p>\n\n\n\n<p><em>Abriendo Caminos<\/em> es una revista que ha recorrido su propio camino, y en este nuevo n\u00famero, continuar\u00e1s conociendo a nuestros docentes, su historia, sus significaciones sobre su rol docente y sus estudiantes; tambi\u00e9n descubrir\u00e1s actividades de esta maravillosa carrera de Trabajo Social. <em>Abriendo caminos<\/em> es m\u00e1s que una revista, es un viaje compartido<\/p>\n\n\n\n<iframe loading=\"lazy\" src=\"https:\/\/online.publuu.com\/571767\/1283704\/page\/1?embed\" width=\"100%\" height=\"380\" scrolling=\"no\" frameborder=\"0\" allowfullscreen=\"\" allow=\"clipboard-write\" class=\"publuuflip\"><\/iframe>\n\n\n\n<p class=\"has-text-align-center\"><strong>Revista completa .PDF<\/strong><\/p>\n\n\n<div class=\"wp-block-image\">\n<figure class=\"aligncenter\"><img decoding=\"async\" src=\"https:\/\/ies7-juj.infd.edu.ar\/aula\/archivos\/repositorio\/250\/430\/TgC_flechas_10.gif\" alt=\"\"\/><\/figure><\/div>\n\n<div class=\"wp-block-image\">\n<figure class=\"aligncenter size-full is-resized\"><a href=\"https:\/\/online.publuu.com\/571767\/1283704\/page\/52\" target=\"_blank\" rel=\"noreferrer noopener\"><img decoding=\"async\" loading=\"lazy\" src=\"https:\/\/ies7-juj.infd.edu.ar\/sitio\/wp-content\/uploads\/2024\/07\/Captura.png\" alt=\"\" class=\"wp-image-11169\" width=\"243\" height=\"344\"\/><\/a><\/figure><\/div>\n\n\n<p><\/p>\n\n\n\n<h4 class=\"wp-block-heading has-text-align-center\"><span style=\"color: #3366ff;\"><strong><span style=\"text-decoration: underline;\">A\u00d1O 2023<\/span><\/strong><\/span><\/h4>\n\n\n\n<p class=\"has-text-align-center\"><span style=\"text-decoration: underline;\"><span style=\"color: #ff0000;\"><strong>N\u00daMERO 7<\/strong><\/span><\/span><\/p>\n\n\n\n<p>Este s\u00e9ptimo n\u00famero, est\u00e1 genial; contiene fascinantes relatos de los estudiantes; continuamos con la presentaci\u00f3n personal de nuestros docentes; interesantes actividades generadas en la carrera y, maravillosos recuerdos visibilizados en fotograf\u00edas. <br>No te la pierdas!!!<\/p>\n\n\n\n<p class=\"has-text-align-center\"><strong>Revista completa .PDF<\/strong><\/p>\n\n\n<div class=\"wp-block-image\">\n<figure class=\"aligncenter\"><img decoding=\"async\" src=\"https:\/\/ies7-juj.infd.edu.ar\/aula\/archivos\/repositorio\/250\/430\/TgC_flechas_10.gif\" alt=\"\"\/><\/figure><\/div>\n\n<div class=\"wp-block-image\">\n<figure class=\"aligncenter\"><a href=\"https:\/\/ies7-juj.infd.edu.ar\/aula\/archivos\/repositorio\/3250\/3450\/ABRIENDO_CAMINOS_Revista_7.pdf?id_curso=25\" target=\"_blank\" rel=\"noopener\"><img decoding=\"async\" loading=\"lazy\" width=\"241\" height=\"342\" src=\"https:\/\/ies7-juj.infd.edu.ar\/sitio\/wp-content\/uploads\/2023\/12\/revista-7.png\" alt=\"\" class=\"wp-image-10558\"\/><\/a><\/figure><\/div>\n\n\n<p class=\"has-text-align-center\"><span style=\"text-decoration: underline;\"><span style=\"color: #ff0000;\"><strong>N\u00daMERO 6<br><\/strong><\/span><\/span><\/p>\n\n\n\n<p>Espero que disfruten de esta nueva edici\u00f3n de \u00abAbriendo Caminos\u00bb; los invito a buscar un lugar c\u00f3modo, d\u00f3nde puedan sentarse a disfrutarla; van a encontrar en sus p\u00e1ginas, relatos de experiencias y columnas muy interesantes; fotograf\u00edas de eventos importantes para la carrera, que contin\u00faan evidenciando la riqueza de la misma y, el compromiso de estudiantes y docentes. Como siempre, agradecemos su apoyo, y esperamos seguir brindando contenido valioso en pr\u00f3ximas ediciones de la revista. \u00a1Gracias por leer!<\/p>\n\n\n\n<div style=\"position: relative; padding-bottom: 56.25%; height: 0; overflow: hidden; max-width: 100%;\" data-page-width=\"452\" data-page-height=\"640\"><iframe style=\"position: absolute; top: 0; left: 0; width: 100%; height: 100%;\" src=\"https:\/\/www.yumpu.com\/es\/embed\/view\/TxiNDvkUr0A2mWBG\" frameborder=\"0\" allowfullscreen=\"allowfullscreen\"><\/iframe><br><a title=\"ABRIENDO CAMINOS Revista 6 \" href=\"https:\/\/www.yumpu.com\/es\/document\/view\/68507145\/abriendo-caminos-revista-6\" target=\"_blank\" rel=\"noopener\">ABRIENDO CAMINOS Revista 6 <\/a><\/div>\n\n\n\n<p class=\"has-text-align-center\"><strong>Revista completa .PDF<\/strong><\/p>\n\n\n<div class=\"wp-block-image\">\n<figure class=\"aligncenter\"><img decoding=\"async\" src=\"https:\/\/ies7-juj.infd.edu.ar\/aula\/archivos\/repositorio\/250\/430\/TgC_flechas_10.gif\" alt=\"\"\/><\/figure><\/div>\n\n<div class=\"wp-block-image\">\n<figure class=\"aligncenter\"><a href=\"https:\/\/ies7-juj.infd.edu.ar\/aula\/archivos\/repositorio\/\/3250\/3435\/ABRIENDO_CAMINOS_Revista_6_.pdf\" target=\"_blank\" rel=\"noopener\"><img decoding=\"async\" loading=\"lazy\" width=\"111\" height=\"158\" src=\"https:\/\/ies7-juj.infd.edu.ar\/sitio\/wp-content\/uploads\/2023\/10\/revista-6.png\" alt=\"\" class=\"wp-image-10270\"\/><\/a><\/figure><\/div>\n\n\n<p class=\"has-text-align-center\"><span style=\"color: #000000;\"><strong><span style=\"text-decoration: underline; color: #ff0000;\">N\u00daMERO 5<\/span><\/strong><\/span><\/p>\n\n\n\n<p>Bienvenidos a una nueva edici\u00f3n de la revista digital \u00abABRIENDO CAMINOS\u00bb, el espacio donde compartimos experiencias, reflexiones y conocimientos en el campo del Trabajo Social. Estoy feliz de presentarles la n\u00famero 5, llena de historias inspiradoras y valiosas contribuciones de nuestros estudiantes, profesionales y profesores. Espero que disfruten de cada p\u00e1gina, que se inspiren y que contin\u00faen Abriendo Caminos en el lugar en el que se encuentren.<\/p>\n\n\n\n<div style=\"position: relative; padding-bottom: 56.25%; height: 0; overflow: hidden; max-width: 100%;\" data-page-width=\"452\" data-page-height=\"640\"><iframe style=\"position: absolute; top: 0; left: 0; width: 100%; height: 100%;\" src=\"https:\/\/www.yumpu.com\/es\/embed\/view\/yKo8jpVnCTrgAGZt\" frameborder=\"0\" allowfullscreen=\"allowfullscreen\"><\/iframe><br><a title=\"ABRIENDO_CAMINOS_Revista_5\" href=\"https:\/\/www.yumpu.com\/es\/document\/view\/68394060\/abriendo-caminos-revista-5\" target=\"_blank\" rel=\"noopener\">ABRIENDO_CAMINOS_Revista_5<\/a><\/div>\n\n\n\n<p class=\"has-text-align-center\"><strong>Revista completa .PDF<\/strong><\/p>\n\n\n<div class=\"wp-block-image\">\n<figure class=\"aligncenter\"><img decoding=\"async\" src=\"https:\/\/ies7-juj.infd.edu.ar\/aula\/archivos\/repositorio\/250\/430\/TgC_flechas_10.gif\" alt=\"\"\/><\/figure><\/div>\n\n<div class=\"wp-block-image\">\n<figure class=\"aligncenter\"><a href=\"https:\/\/ies7-juj.infd.edu.ar\/aula\/archivos\/repositorio\/\/3250\/3373\/ABRIENDO_CAMINOS_Revista_5.pdf\" target=\"_blank\" rel=\"noopener\"><img decoding=\"async\" loading=\"lazy\" width=\"351\" height=\"494\" src=\"https:\/\/ies7-juj.infd.edu.ar\/sitio\/wp-content\/uploads\/2023\/07\/revista-5.jpg\" alt=\"\" class=\"wp-image-9642\"\/><\/a><\/figure><\/div>\n\n\n<p class=\"has-text-align-center\"><span style=\"color: #000000;\"><strong><span style=\"text-decoration: underline; color: #ff0000;\"> N\u00daMERO 4<\/span><\/strong><\/span><\/p>\n\n\n\n<p>Iniciamos este segundo a\u00f1o \u00abABRIENDO CAMINOS\u00bb, con nuestra interesante, signiticativa, creativa y emotiva Revista Digital. En este n\u00famero 4, queremos invitarte a emocionarte y descubrir la riqueza de sus p\u00e1ginas, a adentrarte en la lectura de relatos y escritos significativos y apasionantes y, a disfrutar de las im\u00e1genes que visibilizan nuestro caminar.&nbsp;<\/p>\n\n\n\n<p class=\"has-text-align-center\"><strong>Revista completa .PDF<\/strong><\/p>\n\n\n<div class=\"wp-block-image\">\n<figure class=\"aligncenter\"><img decoding=\"async\" src=\"https:\/\/ies7-juj.infd.edu.ar\/aula\/archivos\/repositorio\/250\/430\/TgC_flechas_10.gif\" alt=\"\"\/><\/figure><\/div>\n\n<div class=\"wp-block-image\">\n<figure class=\"aligncenter\"><a href=\"https:\/\/ies7-juj.infd.edu.ar\/aula\/archivos\/repositorio\/\/3250\/3321\/ABRIENDO_CAMINOS_Revista_4.pdf\" target=\"_blank\" rel=\"noopener\"><img decoding=\"async\" loading=\"lazy\" width=\"284\" height=\"402\" src=\"https:\/\/ies7-juj.infd.edu.ar\/sitio\/wp-content\/uploads\/2023\/05\/rev.png\" alt=\"\" class=\"wp-image-9354\"\/><\/a><\/figure><\/div>\n\n\n<h4 class=\"wp-block-heading\"><span style=\"color: #3366ff;\"><strong><span style=\"text-decoration: underline;\">A\u00d1O 2022<\/span><\/strong><\/span><\/h4>\n\n\n\n<p class=\"has-text-align-center\"><span style=\"color: #000000;\"><strong><span style=\"text-decoration: underline; color: #ff0000;\">N\u00daMERO 3&nbsp;<\/span><\/strong><\/span><\/p>\n\n\n\n<p>En este tercer n\u00famero, los invitamos, adem\u00e1s de leer las secciones habituales, a transitar un viaje por nuestras pr\u00e1cticas profesionalizantes;&nbsp; a trav\u00e9s de fotograf\u00edas y relatos descubrir\u00e1n la riqueza de las mismas.<\/p>\n\n\n\n<p class=\"has-text-align-center\"><strong>Revista completa .PDF<\/strong><\/p>\n\n\n<div class=\"wp-block-image\">\n<figure class=\"aligncenter\"><img decoding=\"async\" src=\"https:\/\/ies7-juj.infd.edu.ar\/aula\/archivos\/repositorio\/250\/430\/TgC_flechas_10.gif\" alt=\"\"\/><\/figure><\/div>\n\n<div class=\"wp-block-image\">\n<figure class=\"aligncenter\"><a href=\"https:\/\/ies7-juj.infd.edu.ar\/aula\/archivos\/repositorio\/\/3250\/3253\/ABRIENDO_CAMINOS_Revista_3.pdf\" target=\"_blank\" rel=\"noopener\"><img decoding=\"async\" loading=\"lazy\" width=\"300\" height=\"424\" src=\"https:\/\/ies7-juj.infd.edu.ar\/sitio\/wp-content\/uploads\/2022\/11\/revista-3.jpg\" alt=\"\" class=\"wp-image-8174\"\/><\/a><\/figure><\/div>\n\n\n<p class=\"has-text-align-center\"><span style=\"text-decoration: underline; color: #ff0000;\"><strong>N\u00daMERO 2<\/strong><\/span><\/p>\n\n\n\n<p>Continuamos \u00abABRIENDO CAMINOS\u00bb, sumando relatos de gran riqueza, significativos para los escritores y para todos aquellos que compartimos las vivencias; nos transportan al interior de los espacios institucionales y a experiencias \u00fanicas en territorio. Sumamos a partir de esta segunda edici\u00f3n, una nueva sesi\u00f3n denominada \u00abTrayectorias\u00bb, que visibiliza y rememora el camino recorrido por colegas en esta maravillosa profesi\u00f3n que es el Trabajo Social.<\/p>\n\n\n\n<p class=\"has-text-align-center\"><strong>Revista completa .PDF<\/strong><\/p>\n\n\n<div class=\"wp-block-image\">\n<figure class=\"aligncenter\"><img decoding=\"async\" src=\"https:\/\/ies7-juj.infd.edu.ar\/aula\/archivos\/repositorio\/250\/430\/TgC_flechas_10.gif\" alt=\"\"\/><\/figure><\/div>\n\n<div class=\"wp-block-image\">\n<figure class=\"aligncenter\"><a href=\"https:\/\/ies7-juj.infd.edu.ar\/aula\/archivos\/repositorio\/\/3000\/3183\/ABRIENDO_CAMINOS_Revista_2.pdf\" target=\"_blank\" rel=\"noopener\"><img decoding=\"async\" loading=\"lazy\" width=\"611\" height=\"861\" src=\"https:\/\/ies7-juj.infd.edu.ar\/sitio\/wp-content\/uploads\/2022\/09\/revista-2.jpg\" alt=\"\" class=\"wp-image-7439\"\/><\/a><\/figure><\/div>\n\n\n<p class=\"has-text-align-center\"><span style=\"text-decoration: underline; color: #ff0000;\"><strong>N\u00daMERO 1<\/strong><\/span><\/p>\n\n\n\n<p><span style=\"color: #000000;\">La revista de Trabajo Social \u00abABRIENDO CAMINOS\u00bb de la carrera Tecnicatura Superior en Trabajo Social del I.E.S. N\u00ba7 \u00abPopulorum Progressio &#8211; In.Te.La.\u00bb &#8211; Casa Central, evidencia en sus p\u00e1ginas, escritas por sus protagonistas (docentes y estudiantes), la impronta y la riqueza de la carrera en aula y territorio. Es significativa por los relatos y las fotograf\u00edas que nos transportan al coraz\u00f3n y esencia de nuestra identidad<\/span><\/p>\n\n\n\n<p class=\"has-text-align-center\">&nbsp; &nbsp; &nbsp;<strong>Revista completa .PDF<\/strong><\/p>\n\n\n<div class=\"wp-block-image\">\n<figure class=\"aligncenter\"><img decoding=\"async\" src=\"https:\/\/ies7-juj.infd.edu.ar\/aula\/archivos\/repositorio\/250\/430\/TgC_flechas_10.gif\" alt=\"\"\/><\/figure><\/div>\n\n<div class=\"wp-block-image\">\n<figure class=\"aligncenter\"><a href=\"https:\/\/ies7-juj.infd.edu.ar\/aula\/archivos\/repositorio\/\/3000\/3160\/ABRIENDO_CAMINOS_Revista_1.pdf\" target=\"_blank\" rel=\"noopener\"><img decoding=\"async\" loading=\"lazy\" width=\"490\" height=\"700\" src=\"https:\/\/ies7-juj.infd.edu.ar\/sitio\/wp-content\/uploads\/2022\/08\/foto-revista-2022.jpg\" alt=\"\" class=\"wp-image-7153\"\/><\/a><\/figure><\/div>\n\n\n<p class=\"has-text-align-right\"><span style=\"color: #000000;\"><strong>Registro ISSN 2953-3597<\/strong><\/span><\/p>\n","protected":false},"excerpt":{"rendered":"<p>A\u00d1O 2024 N\u00daMERO 8 Abriendo Caminos es una revista que ha recorrido su propio camino, y en este nuevo n\u00famero, continuar\u00e1s conociendo a nuestros docentes, su historia, sus significaciones sobre su rol docente y sus estudiantes; tambi\u00e9n descubrir\u00e1s actividades de esta maravillosa carrera de Trabajo Social. Abriendo caminos es m\u00e1s que una revista, es un &#8230; <a title=\"\u00abABRIENDO CAMINOS\u00bb, Revista de la Tecnicatura Superior en Trabajo Social\" class=\"read-more\" href=\"https:\/\/ies7-juj.infd.edu.ar\/sitio\/revista-de-la-tecnicatura-superior-en-trabajo-social\/\" aria-label=\"More on \u00abABRIENDO CAMINOS\u00bb, Revista de la Tecnicatura Superior en Trabajo Social\">[+]<\/a><\/p>\n","protected":false},"author":542,"featured_media":0,"parent":0,"menu_order":0,"comment_status":"closed","ping_status":"closed","template":"","meta":[],"acf":[],"_links":{"self":[{"href":"https:\/\/ies7-juj.infd.edu.ar\/sitio\/wp-json\/wp\/v2\/pages\/6866"}],"collection":[{"href":"https:\/\/ies7-juj.infd.edu.ar\/sitio\/wp-json\/wp\/v2\/pages"}],"about":[{"href":"https:\/\/ies7-juj.infd.edu.ar\/sitio\/wp-json\/wp\/v2\/types\/page"}],"author":[{"embeddable":true,"href":"https:\/\/ies7-juj.infd.edu.ar\/sitio\/wp-json\/wp\/v2\/users\/542"}],"replies":[{"embeddable":true,"href":"https:\/\/ies7-juj.infd.edu.ar\/sitio\/wp-json\/wp\/v2\/comments?post=6866"}],"version-history":[{"count":45,"href":"https:\/\/ies7-juj.infd.edu.ar\/sitio\/wp-json\/wp\/v2\/pages\/6866\/revisions"}],"predecessor-version":[{"id":11171,"href":"https:\/\/ies7-juj.infd.edu.ar\/sitio\/wp-json\/wp\/v2\/pages\/6866\/revisions\/11171"}],"wp:attachment":[{"href":"https:\/\/ies7-juj.infd.edu.ar\/sitio\/wp-json\/wp\/v2\/media?parent=6866"}],"curies":[{"name":"wp","href":"https:\/\/api.w.org\/{rel}","templated":true}]}}